{"id":3788,"date":"2015-05-22T14:54:04","date_gmt":"2015-05-22T14:54:04","guid":{"rendered":"http:\/\/www.grupogta.com\/?page_id=3788"},"modified":"2020-09-17T06:35:29","modified_gmt":"2020-09-17T06:35:29","slug":"privacy-policy","status":"publish","type":"page","link":"https:\/\/grupogta.com\/en\/privacy-policy\/","title":{"rendered":"Privacy Policy"},"content":{"rendered":"<h1 style=\"margin-bottom: 40px;\">Privacy Policy<\/h1>\n<p><em><strong>SPANISH VERSION<\/strong><\/em><\/p>\n<p><strong><em>Responsable: <\/em><\/strong><\/p>\n<p><em>Identidad: <\/em>Tecnolog\u00edaglobal.guru S.L.<\/p>\n<p>Nombre Comercial: Grupo GTA<\/p>\n<p>CIF: B93369015<\/p>\n<p>Direcci\u00f3n Postal: C\/ Torrente Ballester. Edif. Albatros II. Local 1<\/p>\n<p>29660 \u2013 Nueva Andaluc\u00eda &#8211; Marbella<\/p>\n<p>Tel\u00e9fono: 952765001<\/p>\n<p>Email: <a href=\"mailto:dti@grupogta.com\">dti@grupogta.com<\/a><\/p>\n<p>No existe Delegado de Protecci\u00f3n de Datos.<\/p>\n<p><strong><em>Finalidad:<\/em><\/strong><\/p>\n<p>En Grupo GTA tratamos la informaci\u00f3n que nos facilitan las personas interesadas con el fin de gestionar el env\u00edo de documentaci\u00f3n o informaci\u00f3n solicitada y\/o gesti\u00f3n de consultas o solicitudes remitidas, as\u00ed como de\u00a0facilitar a los interesados noticias, productos, servicios, promociones e invitaciones a eventos. En el caso de establecer una relaci\u00f3n comercial, adicionalmente se tratar\u00e1n sus datos para la ejecuci\u00f3n de contratos, gesti\u00f3n contable, fiscal y administrativa. No se elaborar\u00e1n perfiles ni decisiones automatizadas.<\/p>\n<p>Se conservar\u00e1n los datos de car\u00e1cter personal el tiempo que dure la relaci\u00f3n contractual en su caso existente y, como m\u00ednimo durante 6 a\u00f1os, en aplicaci\u00f3n de lo dispuesto en la normativa contable y\/o durante el plazo legal establecido y exigible en relaci\u00f3n con el tipo de dato de car\u00e1cter personal tratado y la finalidad del tratamiento y la no solicitud de supresi\u00f3n por parte del interesado.<\/p>\n<p><em><strong>Legitimaci\u00f3n: <\/strong><\/em><\/p>\n<p>La base legal para el tratamiento de sus datos est\u00e1 basada en el consentimiento que se le solicita al titular y que ha aceptado. El env\u00edo de informaci\u00f3n est\u00e1 basado en este consentimiento, as\u00ed como en la relaci\u00f3n comercial o contractual en su caso.<\/p>\n<p>No est\u00e1 obligado a facilitarnos sus datos, pero s\u00ed ser\u00e1n necesarios para poder gestionar el env\u00edo de documentaci\u00f3n o informaci\u00f3n solicitada y\/o gesti\u00f3n de consultas o solicitudes remitidas que realice a trav\u00e9s de esta p\u00e1gina web.<\/p>\n<p><strong><em>Destinatarios: <\/em><\/strong><\/p>\n<p>No se ceder\u00e1n datos a terceros, salvo obligaci\u00f3n legal, exceptuando a los Encargados de Tratamiento, cuya legitimidad del tratamiento es la ejecuci\u00f3n del contrato de encargo.<\/p>\n<p>Se comunicar\u00e1n, en su caso, datos a empresas del grupo empresarial para poder llevar a cabo las finalidades en cada caso aplicables de acuerdo con el apartado &#8220;Finalidad&#8221;. En ning\u00fan caso se ceder\u00e1n datos a terceros para finalidades diferentes a las descritas en este documento.<\/p>\n<p><em><strong>Derechos: <\/strong><\/em><\/p>\n<p>Cualquier persona tiene derecho a obtener confirmaci\u00f3n sobre si estamos tratando datos personales que les conciernan, o no.<\/p>\n<p>Los derechos que asisten a las personas interesadas son:<\/p>\n<ul>\n<li>Derecho a solicitar el acceso a los datos personales relativos al interesado. Puedes obtener la confirmaci\u00f3n de cu\u00e1les de tus datos personales son tratados, as\u00ed como la respectiva informaci\u00f3n sobre los fines de su tratamiento o de los plazos de conservaci\u00f3n de dichos datos.<\/li>\n<li>Derecho a solicitar su rectificaci\u00f3n. Puedes solicitar la rectificaci\u00f3n de tus datos personales incorrectos o incompletos.<\/li>\n<li>Derecho de cancelaci\u00f3n (o \u201cderecho al olvido\u201d). Puedes pedir que tus datos personales sean borrados, siempre y cuando no se apliquen imposiciones legales para su conservaci\u00f3n.<\/li>\n<li>Derecho a solicitar la limitaci\u00f3n de su tratamiento. Puedes solicitar la limitaci\u00f3n del tratamiento de tus datos personales de las siguientes formas, o bien mediante la suspensi\u00f3n del tratamiento, o bien mediante la limitaci\u00f3n del \u00e1mbito del tratamiento a ciertas categor\u00edas o fines.<\/li>\n<li>Derecho a oponerse al tratamiento. Puedes oponerte o retirar el consentimiento anteriormente dado al tratamiento de tus datos personales.<\/li>\n<li>Derecho a la portabilidad de los datos. Puedes recibir los datos personales que nos facilitaste de forma estructurada en formato digital de lectura autom\u00e1tica.<\/li>\n<\/ul>\n<p>El interesado puede ejercer estos derechos mediante la puesta a su disposici\u00f3n de formularios que puede solicitar enviando un mail o bien mediante correo postal a las direcciones arriba indicadas.<\/p>\n<p>Para obtener informaci\u00f3n adicional acerca de sus derechos puede dirigirse a la Autoridad de Control competente, que en Espa\u00f1a es la Agencia de Protecci\u00f3n de Datos:<\/p>\n<ul>\n<li>Web: <a title=\"Agencia Espa\u00f1ola de Protecci\u00f3n de Datos\" href=\"https:\/\/www.aepd.es\" target=\"_blank\" rel=\"noopener noreferrer\">https:\/\/www.aepd.es<\/a><\/li>\n<li>Tel\u00e9fono: 901 100 099.<\/li>\n<\/ul>\n<p>Tambi\u00e9n pueden presentar una reclamaci\u00f3n ante la Autoridad de Control en materia de Protecci\u00f3n de Datos antes citada, especialmente cuando no haya obtenido satisfacci\u00f3n en el ejercicio de sus derechos.<\/p>\n<p>El interesado tiene derecho a retirar el consentimiento en cualquier momento, sin que ello afecte a la licitud del tratamiento basado en el consentimiento previo a su retirada.<\/p>\n<p><em><strong>Procedencia: <\/strong><\/em><\/p>\n<p>Los datos personales siempre han sido facilitados por el propio interesado.<\/p>\n<p>Las categor\u00edas de datos que se tratan son:<\/p>\n<p>&#8211; Nombre y apellidos<\/p>\n<p>&#8211; Email<\/p>\n<p>&#8211; Direcci\u00f3n<\/p>\n<p>&#8211; Tel\u00e9fono y\/o M\u00f3vil<\/p>\n<p>&#8211; Datos bancarios<\/p>\n","protected":false},"excerpt":{"rendered":"<p>&hellip;<\/p>\n","protected":false},"author":1,"featured_media":0,"parent":0,"menu_order":0,"comment_status":"closed","ping_status":"closed","template":"","meta":{"footnotes":""},"wf_page_folders":[],"class_list":["post-3788","page","type-page","status-publish","hentry"],"_links":{"self":[{"href":"https:\/\/grupogta.com\/en\/wp-json\/wp\/v2\/pages\/3788","targetHints":{"allow":["GET"]}}],"collection":[{"href":"https:\/\/grupogta.com\/en\/wp-json\/wp\/v2\/pages"}],"about":[{"href":"https:\/\/grupogta.com\/en\/wp-json\/wp\/v2\/types\/page"}],"author":[{"embeddable":true,"href":"https:\/\/grupogta.com\/en\/wp-json\/wp\/v2\/users\/1"}],"replies":[{"embeddable":true,"href":"https:\/\/grupogta.com\/en\/wp-json\/wp\/v2\/comments?post=3788"}],"version-history":[{"count":8,"href":"https:\/\/grupogta.com\/en\/wp-json\/wp\/v2\/pages\/3788\/revisions"}],"predecessor-version":[{"id":4282,"href":"https:\/\/grupogta.com\/en\/wp-json\/wp\/v2\/pages\/3788\/revisions\/4282"}],"wp:attachment":[{"href":"https:\/\/grupogta.com\/en\/wp-json\/wp\/v2\/media?parent=3788"}],"wp:term":[{"taxonomy":"wf_page_folders","embeddable":true,"href":"https:\/\/grupogta.com\/en\/wp-json\/wp\/v2\/wf_page_folders?post=3788"}],"curies":[{"name":"wp","href":"https:\/\/api.w.org\/{rel}","templated":true}]}}